{"id":253,"date":"2016-05-23T10:30:12","date_gmt":"2016-05-23T10:30:12","guid":{"rendered":"http:\/\/test.kriesi.at\/enfold-health-coach\/?page_id=253"},"modified":"2026-02-06T00:12:41","modified_gmt":"2026-02-05T23:12:41","slug":"about","status":"publish","type":"page","link":"http:\/\/josipahorvat.de\/?page_id=253","title":{"rendered":"About"},"content":{"rendered":"<div id='welcome'  class='av-layout-grid-container av-7tj90t-a2d357f6b1eb1bce932a0f9b995b5421 entry-content-wrapper main_color av-fixed-cells  avia-builder-el-0  el_before_av_heading  avia-builder-el-first   container_wrap sidebar_right'  >\n\n<style type=\"text\/css\" data-created_by=\"avia_inline_auto\" id=\"style-css-av-rgosd-3b45a923b7c51e7ed557388d43c46f63\">\n.flex_cell.av-rgosd-3b45a923b7c51e7ed557388d43c46f63{\nvertical-align:top;\nheight:2px;\nmin-height:2px;\npadding:0px 0px 0px 0px;\nbackground-color:#b2b2b2;\n}\n<\/style>\n<div class='flex_cell av-rgosd-3b45a923b7c51e7ed557388d43c46f63 av-gridrow-cell av_one_full no_margin  avia-builder-el-1  avia-builder-el-no-sibling  av-zero-padding' ><div class='flex_cell_inner'><\/div><\/div>\n<\/div><div id='after_grid_row_1'  class='main_color av_default_container_wrap container_wrap sidebar_right'  ><div class='container av-section-cont-open' ><div class='template-page content  av-content-small alpha units'><div class='post-entry post-entry-type-page post-entry-253'><div class='entry-content-wrapper clearfix'>\n\n<style type=\"text\/css\" data-created_by=\"avia_inline_auto\" id=\"style-css-av-ltmza0cq-1e0ea68e5192061a6a647de30e6c5b0f\">\n#top .av-special-heading.av-ltmza0cq-1e0ea68e5192061a6a647de30e6c5b0f{\npadding-bottom:10px;\n}\nbody .av-special-heading.av-ltmza0cq-1e0ea68e5192061a6a647de30e6c5b0f .av-special-heading-tag .heading-char{\nfont-size:25px;\n}\n.av-special-heading.av-ltmza0cq-1e0ea68e5192061a6a647de30e6c5b0f .av-subheading{\nfont-size:15px;\n}\n<\/style>\n<div  class='av-special-heading av-ltmza0cq-1e0ea68e5192061a6a647de30e6c5b0f av-special-heading-h3 blockquote modern-quote  avia-builder-el-2  el_after_av_layout_row  el_before_av_hr  avia-builder-el-first '><h3 class='av-special-heading-tag'  itemprop=\"headline\"  >Malerei und Ich<\/h3><div class=\"special-heading-border\"><div class=\"special-heading-inner-border\"><\/div><\/div><\/div>\n\n<style type=\"text\/css\" data-created_by=\"avia_inline_auto\" id=\"style-css-av-ltmzap5t-3bf7b81490f7b6f0cd469cb50d02ae7a\">\n#top .hr.hr-invisible.av-ltmzap5t-3bf7b81490f7b6f0cd469cb50d02ae7a{\nheight:50px;\n}\n<\/style>\n<div  class='hr av-ltmzap5t-3bf7b81490f7b6f0cd469cb50d02ae7a hr-invisible  avia-builder-el-3  el_after_av_heading  el_before_av_three_fifth '><span class='hr-inner '><span class=\"hr-inner-style\"><\/span><\/span><\/div>\n<div class='flex_column av-hh879-df8422751b9e8f7ed50cb7e7bf454bba av_three_fifth  avia-builder-el-4  el_after_av_hr  el_before_av_layout_row  avia-builder-el-last  first flex_column_div '     ><style type=\"text\/css\" data-created_by=\"avia_inline_auto\" id=\"style-css-av-6ltmk5-7624e7bd20c20a2a7649df6fb5d0fa52\">\n#top .av_textblock_section.av-6ltmk5-7624e7bd20c20a2a7649df6fb5d0fa52 .avia_textblock{\nfont-size:17px;\n}\n<\/style>\n<section  class='av_textblock_section av-6ltmk5-7624e7bd20c20a2a7649df6fb5d0fa52'  itemscope=\"itemscope\" itemtype=\"https:\/\/schema.org\/CreativeWork\" ><div class='avia_textblock'  itemprop=\"text\" ><p>In meiner k\u00fcnstlerischen Schaffensweise vereinen sich Intuition, Erfahrung und rationale Entscheidungen, die eine Vision formen und Ihr eine Richtung geben.<\/p>\n<p><img loading=\"lazy\" decoding=\"async\" class=\"wp-image-884 aligncenter\" src=\"http:\/\/josipahorvat.de\/wp-content\/uploads\/2024\/12\/Papel-7--214x300.jpg\" alt=\"\" width=\"447\" height=\"627\" srcset=\"http:\/\/josipahorvat.de\/wp-content\/uploads\/2024\/12\/Papel-7--214x300.jpg 214w, http:\/\/josipahorvat.de\/wp-content\/uploads\/2024\/12\/Papel-7--734x1030.jpg 734w, http:\/\/josipahorvat.de\/wp-content\/uploads\/2024\/12\/Papel-7--768x1078.jpg 768w, http:\/\/josipahorvat.de\/wp-content\/uploads\/2024\/12\/Papel-7--1095x1536.jpg 1095w, http:\/\/josipahorvat.de\/wp-content\/uploads\/2024\/12\/Papel-7--1069x1500.jpg 1069w, http:\/\/josipahorvat.de\/wp-content\/uploads\/2024\/12\/Papel-7--502x705.jpg 502w, http:\/\/josipahorvat.de\/wp-content\/uploads\/2024\/12\/Papel-7-.jpg 1325w\" sizes=\"auto, (max-width: 447px) 100vw, 447px\" \/><\/p>\n<p>Der Mut unkonventionelle Wege zu gehen wie auch das Verwerfen von Erarbeitetem, erm\u00f6glicht die Grenzen der Kreativit\u00e4t auszuloten und mich dem Selbst im Werk zu n\u00e4hern.<br \/>\nDer Umgang mit diesen Komponenten und ihre Verkn\u00fcpfung im Arbeitsprozess erzeugen eine Magie, die der Malerei trotz aller Erkl\u00e4rungen und Erfahrungen innewohnt wie ein Geheimnis.<br \/>\nDiese Magie bewirkt weit mehr zu entdecken und zu transformieren, als es durch die F\u00e4higkeit meiner Sinne alleine m\u00f6glich ist.<\/p>\n<h4>Der k\u00fcnstlerische Werdegang<\/h4>\n<p>beginnt in der darstellenden Kunst mit einer Ausbildung im Tanz,\u00a0 Schwerpunkt klassischer Tanz, zuletzt bis 1989 Ballettschule f\u00fcr B\u00fchnentanz Pergel, D\u00fcsseldorf.<br \/>\nSeit 2009 au\u00dferakademisches Studium in der bildenden Kunst, mit dem Schwerpunkt Malerei.<br \/>\nSeit 2012 freischaffend t\u00e4tig als Malerin.<br \/>\nBis heute aktives Mitglied der freien Akademie f\u00fcr Malerei, D\u00fcsseldorf.<\/p>\n<\/div><\/section><\/div>\n<\/div><\/div><\/div><!-- close content main div --><\/div><\/div><div id='hello'  class='av-layout-grid-container av-1nfr25-1bc98f0b6e79f2a37193d5c107a66859 entry-content-wrapper main_color av-flex-cells  avia-builder-el-6  el_after_av_three_fifth  el_before_av_layout_row  grid-row-not-first  container_wrap sidebar_right'  >\n\n<style type=\"text\/css\" data-created_by=\"avia_inline_auto\" id=\"style-css-av-1df5kt-b607b80dff9df3d8078f2c26fcb9082e\">\n.flex_cell.av-1df5kt-b607b80dff9df3d8078f2c26fcb9082e{\nvertical-align:top;\npadding:100px 100px 100px 100px;\n}\n<\/style>\n<div class='flex_cell av-1df5kt-b607b80dff9df3d8078f2c26fcb9082e av-gridrow-cell av_one_full no_margin  avia-builder-el-7  avia-builder-el-no-sibling ' ><div class='flex_cell_inner'>\n<style type=\"text\/css\" data-created_by=\"avia_inline_auto\" id=\"style-css-av-1aozml-979878067e5bde3f45196555baf378cc\">\n#top .hr.hr-invisible.av-1aozml-979878067e5bde3f45196555baf378cc{\nheight:20px;\n}\n<\/style>\n<div  class='hr av-1aozml-979878067e5bde3f45196555baf378cc hr-invisible  avia-builder-el-8  avia-builder-el-no-sibling '><span class='hr-inner '><span class=\"hr-inner-style\"><\/span><\/span><\/div>\n<\/div><\/div>\n<\/div>\n<div id='hello'  class='av-layout-grid-container av-13dxpx-33bacd17b8d4f885ed0cd4bbc7bf51c8 entry-content-wrapper main_color av-flex-cells  avia-builder-el-9  el_after_av_layout_row  el_before_av_layout_row  grid-row-not-first  container_wrap sidebar_right'  >\n\n<style type=\"text\/css\" data-created_by=\"avia_inline_auto\" id=\"style-css-av-yyu3h-9df389c97b7c3387cfeda20e2eb2af63\">\n.flex_cell.av-yyu3h-9df389c97b7c3387cfeda20e2eb2af63{\nvertical-align:top;\npadding:100px 100px 100px 100px;\n}\n<\/style>\n<div class='flex_cell av-yyu3h-9df389c97b7c3387cfeda20e2eb2af63 av-gridrow-cell av_one_full no_margin  avia-builder-el-10  avia-builder-el-no-sibling ' ><div class='flex_cell_inner'>\n<style type=\"text\/css\" data-created_by=\"avia_inline_auto\" id=\"style-css-av-sl2hp-505903abe3371061ef6ebcfbab99c4b8\">\n#top .hr.hr-invisible.av-sl2hp-505903abe3371061ef6ebcfbab99c4b8{\nheight:20px;\n}\n<\/style>\n<div  class='hr av-sl2hp-505903abe3371061ef6ebcfbab99c4b8 hr-invisible  avia-builder-el-11  avia-builder-el-no-sibling '><span class='hr-inner '><span class=\"hr-inner-style\"><\/span><\/span><\/div>\n<\/div><\/div>\n<\/div>\n<div id='hello'  class='av-layout-grid-container av-il9k5-f063d607e8f04f39ba94d7994cb55bc7 entry-content-wrapper main_color av-flex-cells  avia-builder-el-12  el_after_av_layout_row  el_before_av_layout_row  grid-row-not-first  container_wrap sidebar_right'  >\n\n<style type=\"text\/css\" data-created_by=\"avia_inline_auto\" id=\"style-css-av-h5af1-c14de4d3402e1b3c0a18df08004a3249\">\n.flex_cell.av-h5af1-c14de4d3402e1b3c0a18df08004a3249{\nvertical-align:top;\npadding:100px 100px 100px 100px;\n}\n<\/style>\n<div class='flex_cell av-h5af1-c14de4d3402e1b3c0a18df08004a3249 av-gridrow-cell av_one_full no_margin  avia-builder-el-13  avia-builder-el-no-sibling ' ><div class='flex_cell_inner'>\n<style type=\"text\/css\" data-created_by=\"avia_inline_auto\" id=\"style-css-av-8x88l-d5e15cf95917aefe5d5fe947c30d03b6\">\n#top .hr.hr-invisible.av-8x88l-d5e15cf95917aefe5d5fe947c30d03b6{\nheight:20px;\n}\n<\/style>\n<div  class='hr av-8x88l-d5e15cf95917aefe5d5fe947c30d03b6 hr-invisible  avia-builder-el-14  avia-builder-el-no-sibling '><span class='hr-inner '><span class=\"hr-inner-style\"><\/span><\/span><\/div>\n<\/div><\/div>\n<\/div>\n<div id='welcome'  class='av-layout-grid-container av-v3tgt-dc0bc10ad2aae7f73540e2611d681d60 entry-content-wrapper main_color av-fixed-cells  avia-builder-el-15  el_after_av_layout_row  avia-builder-el-last  grid-row-not-first  container_wrap sidebar_right'  >\n\n<style type=\"text\/css\" data-created_by=\"avia_inline_auto\" id=\"style-css-av-st98t-a8445aee5075eea3eab4414c11e5ae19\">\n.flex_cell.av-st98t-a8445aee5075eea3eab4414c11e5ae19{\nvertical-align:top;\nheight:15px;\nmin-height:15px;\npadding:0px 0px 0px 0px;\nbackground-color:#b2b2b2;\n}\n<\/style>\n<div class='flex_cell av-st98t-a8445aee5075eea3eab4414c11e5ae19 av-gridrow-cell av_one_full no_margin  avia-builder-el-16  avia-builder-el-no-sibling  av-zero-padding' ><div class='flex_cell_inner'><\/div><\/div>\n<\/div>\n","protected":false},"excerpt":{"rendered":"","protected":false},"author":1,"featured_media":0,"parent":0,"menu_order":0,"comment_status":"closed","ping_status":"closed","template":"","meta":{"footnotes":""},"class_list":["post-253","page","type-page","status-publish","hentry"],"_links":{"self":[{"href":"http:\/\/josipahorvat.de\/index.php?rest_route=\/wp\/v2\/pages\/253","targetHints":{"allow":["GET"]}}],"collection":[{"href":"http:\/\/josipahorvat.de\/index.php?rest_route=\/wp\/v2\/pages"}],"about":[{"href":"http:\/\/josipahorvat.de\/index.php?rest_route=\/wp\/v2\/types\/page"}],"author":[{"embeddable":true,"href":"http:\/\/josipahorvat.de\/index.php?rest_route=\/wp\/v2\/users\/1"}],"replies":[{"embeddable":true,"href":"http:\/\/josipahorvat.de\/index.php?rest_route=%2Fwp%2Fv2%2Fcomments&post=253"}],"version-history":[{"count":9,"href":"http:\/\/josipahorvat.de\/index.php?rest_route=\/wp\/v2\/pages\/253\/revisions"}],"predecessor-version":[{"id":987,"href":"http:\/\/josipahorvat.de\/index.php?rest_route=\/wp\/v2\/pages\/253\/revisions\/987"}],"wp:attachment":[{"href":"http:\/\/josipahorvat.de\/index.php?rest_route=%2Fwp%2Fv2%2Fmedia&parent=253"}],"curies":[{"name":"wp","href":"https:\/\/api.w.org\/{rel}","templated":true}]}}